{"id":2,"date":"2021-10-28T20:03:23","date_gmt":"2021-10-28T18:03:23","guid":{"rendered":"http:\/\/fachschaftwirtschaft.com\/?page_id=2"},"modified":"2021-11-06T14:47:00","modified_gmt":"2021-11-06T13:47:00","slug":"sample-page","status":"publish","type":"page","link":"http:\/\/fachschaftwirtschaft.com\/","title":{"rendered":"\u00dcber uns"},"content":{"rendered":"\n<div class=\"wp-block-image is-style-default\"><figure class=\"aligncenter size-thumbnail\"><img loading=\"lazy\" decoding=\"async\" width=\"150\" height=\"150\" src=\"http:\/\/fachschaftwirtschaft.com\/wp-content\/uploads\/2021\/11\/Logo-FSW-sehr-gut-10-150x150.jpg\" alt=\"\" class=\"wp-image-169\"\/><\/figure><\/div>\n\n\n\n<p class=\"has-medium-font-size\"><strong>Liebe Studierende der Hochschule Bochum des Fachbereichs Wirtschaft,<\/strong><br><br>herzlich Willkommen auf der offiziellen Homepage unserer Fachschaft Wirtschaft! Hier erhaltet Ihr Informationen zu unseren wiederkehrenden Angeboten und wie Ihr uns am besten erreichen k\u00f6nnt. <br><br>Wir haben es uns zur Aufgabe gemacht, die Studierenden der Hochschule Bochum besser miteinander zu verkn\u00fcpfen und unsere gemeinsame Zeit an der HSBO, neben den Vorlesungen, informativer und abwechslungsreicher zu gestalten. Dazu z\u00e4hlen die regelm\u00e4\u00dfig stattfindenden Erstifahrten sowie Studifahrten, aber auch kleine Aktionen wie unser j\u00e4hrliches Gl\u00fchwein ausschenken, in der doch sehr kalten Weihnachtszeit. Mithilfe dieser Aktionen versch\u00f6nern wir uns Studierenden den, manchmal auch stressigen und eint\u00f6nigen, Studi-Alltag.<br><br>Bei Fragen oder Anregungen k\u00f6nnt ihr euch gerne an uns wenden. Wir stehen euch Online und in unserem B\u00fcro im Raum AW 0-30 zur Verf\u00fcgung. Daf\u00fcr k\u00f6nnt Ihr unter dem Reiter <strong><a href=\"http:\/\/fachschaftwirtschaft.com\/?page_id=59\" data-type=\"URL\" data-id=\"http:\/\/fachschaftwirtschaft.com\/?page_id=59\">Kontakt<\/a><\/strong> unseren Sprechstundenplan abchecken, uns bei Instagram anschreiben oder gerne auch eine E-Mail verfassen.<br><br><strong>Eure Fachschaft Wirtschaft<\/strong><\/p>\n\n\n\n<div class=\"wp-block-image is-style-default\"><figure class=\"aligncenter size-thumbnail is-resized\"><img loading=\"lazy\" decoding=\"async\" src=\"http:\/\/fachschaftwirtschaft.com\/wp-content\/uploads\/2021\/11\/Logo-FSW-sehr-gut-150x150.jpg\" alt=\"\" class=\"wp-image-139\" width=\"158\" height=\"158\"\/><\/figure><\/div>\n\n\n\n<p class=\"has-medium-font-size\"><\/p>\n\n\n\n<p><\/p>\n","protected":false},"excerpt":{"rendered":"<p>Liebe Studierende der Hochschule Bochum des Fachbereichs Wirtschaft, herzlich Willkommen auf der offiziellen Homepage unserer Fachschaft Wirtschaft! Hier erhaltet Ihr Informationen zu unseren wiederkehrenden Angeboten und wie Ihr uns am besten erreichen k\u00f6nnt. Wir haben es uns zur Aufgabe gemacht, die Studierenden der Hochschule Bochum besser miteinander zu verkn\u00fcpfen und unsere gemeinsame Zeit an der &hellip; <\/p>\n","protected":false},"author":1,"featured_media":0,"parent":0,"menu_order":0,"comment_status":"closed","ping_status":"open","template":"","meta":{"footnotes":""},"class_list":["post-2","page","type-page","status-publish","hentry"],"_links":{"self":[{"href":"http:\/\/fachschaftwirtschaft.com\/index.php?rest_route=\/wp\/v2\/pages\/2","targetHints":{"allow":["GET"]}}],"collection":[{"href":"http:\/\/fachschaftwirtschaft.com\/index.php?rest_route=\/wp\/v2\/pages"}],"about":[{"href":"http:\/\/fachschaftwirtschaft.com\/index.php?rest_route=\/wp\/v2\/types\/page"}],"author":[{"embeddable":true,"href":"http:\/\/fachschaftwirtschaft.com\/index.php?rest_route=\/wp\/v2\/users\/1"}],"replies":[{"embeddable":true,"href":"http:\/\/fachschaftwirtschaft.com\/index.php?rest_route=%2Fwp%2Fv2%2Fcomments&post=2"}],"version-history":[{"count":9,"href":"http:\/\/fachschaftwirtschaft.com\/index.php?rest_route=\/wp\/v2\/pages\/2\/revisions"}],"predecessor-version":[{"id":178,"href":"http:\/\/fachschaftwirtschaft.com\/index.php?rest_route=\/wp\/v2\/pages\/2\/revisions\/178"}],"wp:attachment":[{"href":"http:\/\/fachschaftwirtschaft.com\/index.php?rest_route=%2Fwp%2Fv2%2Fmedia&parent=2"}],"curies":[{"name":"wp","href":"https:\/\/api.w.org\/{rel}","templated":true}]}}