{"id":44,"date":"2021-10-28T20:52:44","date_gmt":"2021-10-28T18:52:44","guid":{"rendered":"http:\/\/fachschaftwirtschaft.com\/?page_id=44"},"modified":"2021-11-06T15:43:38","modified_gmt":"2021-11-06T14:43:38","slug":"simmerath-erstifahrt","status":"publish","type":"page","link":"http:\/\/fachschaftwirtschaft.com\/?page_id=44","title":{"rendered":"Simmerath &#8211; Erstifahrt"},"content":{"rendered":"\n<div class=\"wp-block-image is-style-default\"><figure class=\"aligncenter size-thumbnail\"><img loading=\"lazy\" decoding=\"async\" width=\"150\" height=\"150\" src=\"http:\/\/fachschaftwirtschaft.com\/wp-content\/uploads\/2021\/11\/Logo-FSW-sehr-gut-4-150x150.jpg\" alt=\"\" class=\"wp-image-159\"\/><\/figure><\/div>\n\n\n\n<p class=\"has-medium-font-size\">Unsere Erstifahrt, welche sich nat\u00fcrlich exklusiv an die Erstsemester-Studierende der Hochschule Bochum richtet, findet jedes Semester in einer idyllischen Gastst\u00e4tte in Simmerath statt. Dort erhaltet Ihr f\u00fcr einen geringen Geldbetrag, ein komplettes Wochenende mit unserer Fachschaft und euren Kommiliton*innen. Euch erwartet ein legend\u00e4res Wochenende, an dem Ihr nicht nur Spa\u00df haben werdet, sondern auch super leicht Kontakte f\u00fcr euer zuk\u00fcnftiges Studileben kn\u00fcpfen k\u00f6nnt. F\u00fcr mehr Informationen schreibt uns an oder kommt zu uns in die <a href=\"http:\/\/fachschaftwirtschaft.com\/?page_id=59\" data-type=\"URL\" data-id=\"http:\/\/fachschaftwirtschaft.com\/?page_id=59\">Sprechstunden<\/a>!<\/p>\n\n\n\n<div class=\"wp-block-image\"><figure class=\"aligncenter size-large\"><img loading=\"lazy\" decoding=\"async\" width=\"724\" height=\"1024\" src=\"http:\/\/fachschaftwirtschaft.com\/wp-content\/uploads\/2021\/11\/Erstifahrt-NEU-724x1024.jpg\" alt=\"\" class=\"wp-image-145\" srcset=\"http:\/\/fachschaftwirtschaft.com\/wp-content\/uploads\/2021\/11\/Erstifahrt-NEU-724x1024.jpg 724w, http:\/\/fachschaftwirtschaft.com\/wp-content\/uploads\/2021\/11\/Erstifahrt-NEU-212x300.jpg 212w, http:\/\/fachschaftwirtschaft.com\/wp-content\/uploads\/2021\/11\/Erstifahrt-NEU-768x1087.jpg 768w, http:\/\/fachschaftwirtschaft.com\/wp-content\/uploads\/2021\/11\/Erstifahrt-NEU-1085x1536.jpg 1085w, http:\/\/fachschaftwirtschaft.com\/wp-content\/uploads\/2021\/11\/Erstifahrt-NEU.jpg 1447w\" sizes=\"auto, (max-width: 724px) 100vw, 724px\" \/><\/figure><\/div>\n\n\n\n<div class=\"wp-block-image is-style-default\"><figure class=\"aligncenter size-thumbnail\"><img loading=\"lazy\" decoding=\"async\" width=\"150\" height=\"150\" src=\"http:\/\/fachschaftwirtschaft.com\/wp-content\/uploads\/2021\/11\/Logo-FSW-sehr-gut-5-150x150.jpg\" alt=\"\" class=\"wp-image-160\"\/><\/figure><\/div>\n","protected":false},"excerpt":{"rendered":"<p>Unsere Erstifahrt, welche sich nat\u00fcrlich exklusiv an die Erstsemester-Studierende der Hochschule Bochum richtet, findet jedes Semester in einer idyllischen Gastst\u00e4tte in Simmerath statt. Dort erhaltet Ihr f\u00fcr einen geringen Geldbetrag, ein komplettes Wochenende mit unserer Fachschaft und euren Kommiliton*innen. Euch erwartet ein legend\u00e4res Wochenende, an dem Ihr nicht nur Spa\u00df haben werdet, sondern auch super &hellip; <\/p>\n","protected":false},"author":1,"featured_media":0,"parent":0,"menu_order":0,"comment_status":"closed","ping_status":"closed","template":"","meta":{"footnotes":""},"class_list":["post-44","page","type-page","status-publish","hentry"],"_links":{"self":[{"href":"http:\/\/fachschaftwirtschaft.com\/index.php?rest_route=\/wp\/v2\/pages\/44","targetHints":{"allow":["GET"]}}],"collection":[{"href":"http:\/\/fachschaftwirtschaft.com\/index.php?rest_route=\/wp\/v2\/pages"}],"about":[{"href":"http:\/\/fachschaftwirtschaft.com\/index.php?rest_route=\/wp\/v2\/types\/page"}],"author":[{"embeddable":true,"href":"http:\/\/fachschaftwirtschaft.com\/index.php?rest_route=\/wp\/v2\/users\/1"}],"replies":[{"embeddable":true,"href":"http:\/\/fachschaftwirtschaft.com\/index.php?rest_route=%2Fwp%2Fv2%2Fcomments&post=44"}],"version-history":[{"count":8,"href":"http:\/\/fachschaftwirtschaft.com\/index.php?rest_route=\/wp\/v2\/pages\/44\/revisions"}],"predecessor-version":[{"id":190,"href":"http:\/\/fachschaftwirtschaft.com\/index.php?rest_route=\/wp\/v2\/pages\/44\/revisions\/190"}],"wp:attachment":[{"href":"http:\/\/fachschaftwirtschaft.com\/index.php?rest_route=%2Fwp%2Fv2%2Fmedia&parent=44"}],"curies":[{"name":"wp","href":"https:\/\/api.w.org\/{rel}","templated":true}]}}