{"id":80,"date":"2021-11-06T10:57:51","date_gmt":"2021-11-06T09:57:51","guid":{"rendered":"http:\/\/fachschaftwirtschaft.com\/?page_id=80"},"modified":"2021-11-06T17:45:38","modified_gmt":"2021-11-06T16:45:38","slug":"sponsoring","status":"publish","type":"page","link":"http:\/\/fachschaftwirtschaft.com\/?page_id=80","title":{"rendered":"Sponsoring"},"content":{"rendered":"\n<div class=\"wp-block-image is-style-default\"><figure class=\"aligncenter size-thumbnail\"><img loading=\"lazy\" decoding=\"async\" width=\"150\" height=\"150\" src=\"http:\/\/fachschaftwirtschaft.com\/wp-content\/uploads\/2021\/11\/Logo-FSW-sehr-gut-6-150x150.jpg\" alt=\"\" class=\"wp-image-163\"\/><\/figure><\/div>\n\n\n\n<p class=\"has-medium-font-size\">Die Fachschaft Wirtschaft steht jeder Art von <strong>Sponsoring und Partnerschaften<\/strong> offen gegen\u00fcber. \u00dcber neue Anfragen per E-Mail w\u00fcrden wir uns sehr freuen!<\/p>\n\n\n\n<p class=\"has-medium-font-size\">E-Mail: <a href=\"mailto:fachschaft.wirtschaft@hs-bochum.de\">fachschaft.wirtschaft@hs-bochum.de<\/a> <\/p>\n\n\n\n\t<div class=\"gs_logo_area gs_logo_area_47 slider1\" style=\"opacity: 0; visibility: hidden;\">\n\t\t<div class=\"gs_logo_area--inner\">\n\n\t\t\t\n<div class=\"gs_logo_container gs_carousel_swiper gs_logo_fix_height_and_center\" data-carousel-config='{\"direction\":\"horizontal\",\"speed\":500,\"isAutoplay\":true,\"autoplayDelay\":2000,\"loop\":true,\"pauseOnHover\":true,\"ticker\":false,\"navs\":true,\"navs_pos\":\"bottom\",\"dots\":false,\"dynamic_dots\":true,\"slideSpace\":10,\"slidesPerGroup\":1,\"desktopLogos\":5,\"tabletLogos\":3,\"mobileLogos\":2,\"reverseDirection\":false}'>\n\n\t\n\t\t\n\t\t\t<div class=\"gs_logo_single--wrapper\">\n\t\t\t\t<div class=\"gs_logo_single\">\n\n\t\t\t\t\t<!-- Logo Title -->\n\t\t\t\t\t<a href=\"https:\/\/gsplugins.com\/\" target=\"_blank\" rel=\"noopener\"><img loading=\"lazy\" decoding=\"async\" width=\"300\" height=\"117\" src=\"http:\/\/fachschaftwirtschaft.com\/wp-content\/uploads\/2021\/11\/gs-logo-slider-12-300x117.png\" class=\"def_to_gray gs_logo--tooltip gs-logo--img wp-post-image\" alt=\"\" title=\"GS Logo Twelve\" srcset=\"http:\/\/fachschaftwirtschaft.com\/wp-content\/uploads\/2021\/11\/gs-logo-slider-12-300x117.png 300w, http:\/\/fachschaftwirtschaft.com\/wp-content\/uploads\/2021\/11\/gs-logo-slider-12.png 360w\" sizes=\"auto, (max-width: 300px) 100vw, 300px\" \/><\/a>\n\t\t\t\t\t<!-- Logo Title -->\n\t\t\t\t\t\t\t\t\t\t\n\t\t\t\t<\/div>\n\t\t\t<\/div>\n\n\t\t\n\t\t\t<div class=\"gs_logo_single--wrapper\">\n\t\t\t\t<div class=\"gs_logo_single\">\n\n\t\t\t\t\t<!-- Logo Title -->\n\t\t\t\t\t<a href=\"https:\/\/gsplugins.com\/\" target=\"_blank\" rel=\"noopener\"><img loading=\"lazy\" decoding=\"async\" width=\"300\" height=\"117\" src=\"http:\/\/fachschaftwirtschaft.com\/wp-content\/uploads\/2021\/11\/gs-logo-slider-11-300x117.png\" class=\"def_to_gray gs_logo--tooltip gs-logo--img wp-post-image\" alt=\"\" title=\"GS Logo Eleven\" srcset=\"http:\/\/fachschaftwirtschaft.com\/wp-content\/uploads\/2021\/11\/gs-logo-slider-11-300x117.png 300w, http:\/\/fachschaftwirtschaft.com\/wp-content\/uploads\/2021\/11\/gs-logo-slider-11.png 360w\" sizes=\"auto, (max-width: 300px) 100vw, 300px\" \/><\/a>\n\t\t\t\t\t<!-- Logo Title -->\n\t\t\t\t\t\t\t\t\t\t\n\t\t\t\t<\/div>\n\t\t\t<\/div>\n\n\t\t\n\t\t\t<div class=\"gs_logo_single--wrapper\">\n\t\t\t\t<div class=\"gs_logo_single\">\n\n\t\t\t\t\t<!-- Logo Title -->\n\t\t\t\t\t<a href=\"https:\/\/gsplugins.com\/\" target=\"_blank\" rel=\"noopener\"><img loading=\"lazy\" decoding=\"async\" width=\"300\" height=\"117\" src=\"http:\/\/fachschaftwirtschaft.com\/wp-content\/uploads\/2021\/11\/gs-logo-slider-10-300x117.png\" class=\"def_to_gray gs_logo--tooltip gs-logo--img wp-post-image\" alt=\"\" title=\"GS Logo Ten\" srcset=\"http:\/\/fachschaftwirtschaft.com\/wp-content\/uploads\/2021\/11\/gs-logo-slider-10-300x117.png 300w, http:\/\/fachschaftwirtschaft.com\/wp-content\/uploads\/2021\/11\/gs-logo-slider-10.png 360w\" sizes=\"auto, (max-width: 300px) 100vw, 300px\" \/><\/a>\n\t\t\t\t\t<!-- Logo Title -->\n\t\t\t\t\t\t\t\t\t\t\n\t\t\t\t<\/div>\n\t\t\t<\/div>\n\n\t\t\n\t\t\t<div class=\"gs_logo_single--wrapper\">\n\t\t\t\t<div class=\"gs_logo_single\">\n\n\t\t\t\t\t<!-- Logo Title -->\n\t\t\t\t\t<a href=\"https:\/\/gsplugins.com\/\" target=\"_blank\" rel=\"noopener\"><img loading=\"lazy\" decoding=\"async\" width=\"300\" height=\"117\" src=\"http:\/\/fachschaftwirtschaft.com\/wp-content\/uploads\/2021\/11\/gs-logo-slider-9-300x117.png\" class=\"def_to_gray gs_logo--tooltip gs-logo--img wp-post-image\" alt=\"\" title=\"GS Logo Nine\" srcset=\"http:\/\/fachschaftwirtschaft.com\/wp-content\/uploads\/2021\/11\/gs-logo-slider-9-300x117.png 300w, http:\/\/fachschaftwirtschaft.com\/wp-content\/uploads\/2021\/11\/gs-logo-slider-9.png 360w\" sizes=\"auto, (max-width: 300px) 100vw, 300px\" \/><\/a>\n\t\t\t\t\t<!-- Logo Title -->\n\t\t\t\t\t\t\t\t\t\t\n\t\t\t\t<\/div>\n\t\t\t<\/div>\n\n\t\t\n\t\t\t<div class=\"gs_logo_single--wrapper\">\n\t\t\t\t<div class=\"gs_logo_single\">\n\n\t\t\t\t\t<!-- Logo Title -->\n\t\t\t\t\t<a href=\"https:\/\/gsplugins.com\/\" target=\"_blank\" rel=\"noopener\"><img loading=\"lazy\" decoding=\"async\" width=\"300\" height=\"117\" src=\"http:\/\/fachschaftwirtschaft.com\/wp-content\/uploads\/2021\/11\/gs-logo-slider-8-300x117.png\" class=\"def_to_gray gs_logo--tooltip gs-logo--img wp-post-image\" alt=\"\" title=\"GS Logo Eight\" srcset=\"http:\/\/fachschaftwirtschaft.com\/wp-content\/uploads\/2021\/11\/gs-logo-slider-8-300x117.png 300w, http:\/\/fachschaftwirtschaft.com\/wp-content\/uploads\/2021\/11\/gs-logo-slider-8.png 360w\" sizes=\"auto, (max-width: 300px) 100vw, 300px\" \/><\/a>\n\t\t\t\t\t<!-- Logo Title -->\n\t\t\t\t\t\t\t\t\t\t\n\t\t\t\t<\/div>\n\t\t\t<\/div>\n\n\t\t\n\t\t\t<div class=\"gs_logo_single--wrapper\">\n\t\t\t\t<div class=\"gs_logo_single\">\n\n\t\t\t\t\t<!-- Logo Title -->\n\t\t\t\t\t<a href=\"https:\/\/gsplugins.com\/\" target=\"_blank\" rel=\"noopener\"><img loading=\"lazy\" decoding=\"async\" width=\"300\" height=\"117\" src=\"http:\/\/fachschaftwirtschaft.com\/wp-content\/uploads\/2021\/11\/gs-logo-slider-7-300x117.png\" class=\"def_to_gray gs_logo--tooltip gs-logo--img wp-post-image\" alt=\"\" title=\"GS Logo Seven\" srcset=\"http:\/\/fachschaftwirtschaft.com\/wp-content\/uploads\/2021\/11\/gs-logo-slider-7-300x117.png 300w, http:\/\/fachschaftwirtschaft.com\/wp-content\/uploads\/2021\/11\/gs-logo-slider-7.png 360w\" sizes=\"auto, (max-width: 300px) 100vw, 300px\" \/><\/a>\n\t\t\t\t\t<!-- Logo Title -->\n\t\t\t\t\t\t\t\t\t\t\n\t\t\t\t<\/div>\n\t\t\t<\/div>\n\n\t\t\n\t\t\t<div class=\"gs_logo_single--wrapper\">\n\t\t\t\t<div class=\"gs_logo_single\">\n\n\t\t\t\t\t<!-- Logo Title -->\n\t\t\t\t\t<a href=\"https:\/\/gsplugins.com\/\" target=\"_blank\" rel=\"noopener\"><img loading=\"lazy\" decoding=\"async\" width=\"300\" height=\"117\" src=\"http:\/\/fachschaftwirtschaft.com\/wp-content\/uploads\/2021\/11\/gs-logo-slider-6-300x117.png\" class=\"def_to_gray gs_logo--tooltip gs-logo--img wp-post-image\" alt=\"\" title=\"GS Logo Six\" srcset=\"http:\/\/fachschaftwirtschaft.com\/wp-content\/uploads\/2021\/11\/gs-logo-slider-6-300x117.png 300w, http:\/\/fachschaftwirtschaft.com\/wp-content\/uploads\/2021\/11\/gs-logo-slider-6.png 360w\" sizes=\"auto, (max-width: 300px) 100vw, 300px\" \/><\/a>\n\t\t\t\t\t<!-- Logo Title -->\n\t\t\t\t\t\t\t\t\t\t\n\t\t\t\t<\/div>\n\t\t\t<\/div>\n\n\t\t\n\t\t\t<div class=\"gs_logo_single--wrapper\">\n\t\t\t\t<div class=\"gs_logo_single\">\n\n\t\t\t\t\t<!-- Logo Title -->\n\t\t\t\t\t<a href=\"https:\/\/gsplugins.com\/\" target=\"_blank\" rel=\"noopener\"><img loading=\"lazy\" decoding=\"async\" width=\"300\" height=\"117\" src=\"http:\/\/fachschaftwirtschaft.com\/wp-content\/uploads\/2021\/11\/gs-logo-slider-5-300x117.png\" class=\"def_to_gray gs_logo--tooltip gs-logo--img wp-post-image\" alt=\"\" title=\"GS Logo Five\" srcset=\"http:\/\/fachschaftwirtschaft.com\/wp-content\/uploads\/2021\/11\/gs-logo-slider-5-300x117.png 300w, http:\/\/fachschaftwirtschaft.com\/wp-content\/uploads\/2021\/11\/gs-logo-slider-5.png 360w\" sizes=\"auto, (max-width: 300px) 100vw, 300px\" \/><\/a>\n\t\t\t\t\t<!-- Logo Title -->\n\t\t\t\t\t\t\t\t\t\t\n\t\t\t\t<\/div>\n\t\t\t<\/div>\n\n\t\t\n\t\t\t<div class=\"gs_logo_single--wrapper\">\n\t\t\t\t<div class=\"gs_logo_single\">\n\n\t\t\t\t\t<!-- Logo Title -->\n\t\t\t\t\t<a href=\"https:\/\/gsplugins.com\/\" target=\"_blank\" rel=\"noopener\"><img loading=\"lazy\" decoding=\"async\" width=\"300\" height=\"117\" src=\"http:\/\/fachschaftwirtschaft.com\/wp-content\/uploads\/2021\/11\/gs-logo-slider-4-300x117.png\" class=\"def_to_gray gs_logo--tooltip gs-logo--img wp-post-image\" alt=\"\" title=\"GS Logo Four\" srcset=\"http:\/\/fachschaftwirtschaft.com\/wp-content\/uploads\/2021\/11\/gs-logo-slider-4-300x117.png 300w, http:\/\/fachschaftwirtschaft.com\/wp-content\/uploads\/2021\/11\/gs-logo-slider-4.png 360w\" sizes=\"auto, (max-width: 300px) 100vw, 300px\" \/><\/a>\n\t\t\t\t\t<!-- Logo Title -->\n\t\t\t\t\t\t\t\t\t\t\n\t\t\t\t<\/div>\n\t\t\t<\/div>\n\n\t\t\n\t\t\t<div class=\"gs_logo_single--wrapper\">\n\t\t\t\t<div class=\"gs_logo_single\">\n\n\t\t\t\t\t<!-- Logo Title -->\n\t\t\t\t\t<a href=\"https:\/\/gsplugins.com\/\" target=\"_blank\" rel=\"noopener\"><img loading=\"lazy\" decoding=\"async\" width=\"300\" height=\"117\" src=\"http:\/\/fachschaftwirtschaft.com\/wp-content\/uploads\/2021\/11\/gs-logo-slider-3-300x117.png\" class=\"def_to_gray gs_logo--tooltip gs-logo--img wp-post-image\" alt=\"\" title=\"GS Logo Three\" srcset=\"http:\/\/fachschaftwirtschaft.com\/wp-content\/uploads\/2021\/11\/gs-logo-slider-3-300x117.png 300w, http:\/\/fachschaftwirtschaft.com\/wp-content\/uploads\/2021\/11\/gs-logo-slider-3.png 360w\" sizes=\"auto, (max-width: 300px) 100vw, 300px\" \/><\/a>\n\t\t\t\t\t<!-- Logo Title -->\n\t\t\t\t\t\t\t\t\t\t\n\t\t\t\t<\/div>\n\t\t\t<\/div>\n\n\t\t\n\t\t\t<div class=\"gs_logo_single--wrapper\">\n\t\t\t\t<div class=\"gs_logo_single\">\n\n\t\t\t\t\t<!-- Logo Title -->\n\t\t\t\t\t<a href=\"https:\/\/gsplugins.com\/\" target=\"_blank\" rel=\"noopener\"><img loading=\"lazy\" decoding=\"async\" width=\"300\" height=\"117\" src=\"http:\/\/fachschaftwirtschaft.com\/wp-content\/uploads\/2021\/11\/gs-logo-slider-2-300x117.png\" class=\"def_to_gray gs_logo--tooltip gs-logo--img wp-post-image\" alt=\"\" title=\"GS Logo Two\" srcset=\"http:\/\/fachschaftwirtschaft.com\/wp-content\/uploads\/2021\/11\/gs-logo-slider-2-300x117.png 300w, http:\/\/fachschaftwirtschaft.com\/wp-content\/uploads\/2021\/11\/gs-logo-slider-2.png 360w\" sizes=\"auto, (max-width: 300px) 100vw, 300px\" \/><\/a>\n\t\t\t\t\t<!-- Logo Title -->\n\t\t\t\t\t\t\t\t\t\t\n\t\t\t\t<\/div>\n\t\t\t<\/div>\n\n\t\t\n\t\t\t<div class=\"gs_logo_single--wrapper\">\n\t\t\t\t<div class=\"gs_logo_single\">\n\n\t\t\t\t\t<!-- Logo Title -->\n\t\t\t\t\t<a href=\"https:\/\/gsplugins.com\/\" target=\"_blank\" rel=\"noopener\"><img loading=\"lazy\" decoding=\"async\" width=\"300\" height=\"117\" src=\"http:\/\/fachschaftwirtschaft.com\/wp-content\/uploads\/2021\/11\/gs-logo-slider-1-300x117.png\" class=\"def_to_gray gs_logo--tooltip gs-logo--img wp-post-image\" alt=\"\" title=\"GS Logo One\" srcset=\"http:\/\/fachschaftwirtschaft.com\/wp-content\/uploads\/2021\/11\/gs-logo-slider-1-300x117.png 300w, http:\/\/fachschaftwirtschaft.com\/wp-content\/uploads\/2021\/11\/gs-logo-slider-1.png 360w\" sizes=\"auto, (max-width: 300px) 100vw, 300px\" \/><\/a>\n\t\t\t\t\t<!-- Logo Title -->\n\t\t\t\t\t\t\t\t\t\t\n\t\t\t\t<\/div>\n\t\t\t<\/div>\n\n\t\t\t\t\n\t\n<\/div>\n\t\t<\/div>\n\t<\/div>\n\n\t\n\n\n<div class=\"wp-block-image is-style-default\"><figure class=\"aligncenter size-thumbnail\"><img loading=\"lazy\" decoding=\"async\" width=\"150\" height=\"150\" src=\"http:\/\/fachschaftwirtschaft.com\/wp-content\/uploads\/2021\/11\/Logo-FSW-sehr-gut-7-150x150.jpg\" alt=\"\" class=\"wp-image-164\"\/><\/figure><\/div>\n","protected":false},"excerpt":{"rendered":"<p>Die Fachschaft Wirtschaft steht jeder Art von Sponsoring und Partnerschaften offen gegen\u00fcber. \u00dcber neue Anfragen per E-Mail w\u00fcrden wir uns sehr freuen! E-Mail: fachschaft.wirtschaft@hs-bochum.de<\/p>\n","protected":false},"author":1,"featured_media":0,"parent":0,"menu_order":0,"comment_status":"closed","ping_status":"closed","template":"","meta":{"footnotes":""},"class_list":["post-80","page","type-page","status-publish","hentry"],"_links":{"self":[{"href":"http:\/\/fachschaftwirtschaft.com\/index.php?rest_route=\/wp\/v2\/pages\/80","targetHints":{"allow":["GET"]}}],"collection":[{"href":"http:\/\/fachschaftwirtschaft.com\/index.php?rest_route=\/wp\/v2\/pages"}],"about":[{"href":"http:\/\/fachschaftwirtschaft.com\/index.php?rest_route=\/wp\/v2\/types\/page"}],"author":[{"embeddable":true,"href":"http:\/\/fachschaftwirtschaft.com\/index.php?rest_route=\/wp\/v2\/users\/1"}],"replies":[{"embeddable":true,"href":"http:\/\/fachschaftwirtschaft.com\/index.php?rest_route=%2Fwp%2Fv2%2Fcomments&post=80"}],"version-history":[{"count":4,"href":"http:\/\/fachschaftwirtschaft.com\/index.php?rest_route=\/wp\/v2\/pages\/80\/revisions"}],"predecessor-version":[{"id":264,"href":"http:\/\/fachschaftwirtschaft.com\/index.php?rest_route=\/wp\/v2\/pages\/80\/revisions\/264"}],"wp:attachment":[{"href":"http:\/\/fachschaftwirtschaft.com\/index.php?rest_route=%2Fwp%2Fv2%2Fmedia&parent=80"}],"curies":[{"name":"wp","href":"https:\/\/api.w.org\/{rel}","templated":true}]}}